{"id":8261,"date":"2025-01-16T15:42:57","date_gmt":"2025-01-16T14:42:57","guid":{"rendered":"https:\/\/www.museeducar.fr\/?page_id=8261"},"modified":"2025-01-22T10:04:41","modified_gmt":"2025-01-22T09:04:41","slug":"media-newspapers","status":"publish","type":"page","link":"https:\/\/www.museeducar.fr\/en\/media-newspapers\/","title":{"rendered":"Media Newspapers"},"content":{"rendered":"\t\t<div data-elementor-type=\"wp-page\" data-elementor-id=\"8261\" class=\"elementor elementor-8261\" data-elementor-post-type=\"page\">\n\t\t\t\t\t\t<section class=\"elementor-section elementor-top-section elementor-element elementor-element-4e37e7de elementor-section-stretched elementor-section-boxed elementor-section-height-default elementor-section-height-default\" data-id=\"4e37e7de\" data-element_type=\"section\" data-settings=\"{&quot;stretch_section&quot;:&quot;section-stretched&quot;,&quot;background_background&quot;:&quot;classic&quot;}\">\n\t\t\t\t\t\t<div class=\"elementor-container elementor-column-gap-default\">\n\t\t\t\t\t<div class=\"elementor-column elementor-col-100 elementor-top-column elementor-element elementor-element-4ee6ca74\" data-id=\"4ee6ca74\" data-element_type=\"column\">\n\t\t\t<div class=\"elementor-widget-wrap elementor-element-populated\">\n\t\t\t\t\t\t<div class=\"elementor-element elementor-element-4fd37ae3 elementor-widget elementor-widget-heading\" data-id=\"4fd37ae3\" data-element_type=\"widget\" data-widget_type=\"heading.default\">\n\t\t\t\t<div class=\"elementor-widget-container\">\n\t\t\t\t\t<h1 class=\"elementor-heading-title elementor-size-xxl\">Media Newspapers<\/h1>\t\t\t\t<\/div>\n\t\t\t\t<\/div>\n\t\t\t\t\t<\/div>\n\t\t<\/div>\n\t\t\t\t\t<\/div>\n\t\t<\/section>\n\t\t\t\t<section class=\"elementor-section elementor-top-section elementor-element elementor-element-1fa51dd7 elementor-section-boxed elementor-section-height-default elementor-section-height-default\" data-id=\"1fa51dd7\" data-element_type=\"section\">\n\t\t\t\t\t\t<div class=\"elementor-container elementor-column-gap-default\">\n\t\t\t\t\t<div class=\"elementor-column elementor-col-100 elementor-top-column elementor-element elementor-element-216bb7f7\" data-id=\"216bb7f7\" data-element_type=\"column\">\n\t\t\t<div class=\"elementor-widget-wrap elementor-element-populated\">\n\t\t\t\t\t\t<div class=\"elementor-element elementor-element-39a43ebc elementor-headline--style-highlight elementor-widget elementor-widget-animated-headline\" data-id=\"39a43ebc\" data-element_type=\"widget\" data-settings=\"{&quot;marker&quot;:&quot;underline&quot;,&quot;highlighted_text&quot;:&quot;in newspapers&quot;,&quot;headline_style&quot;:&quot;highlight&quot;,&quot;loop&quot;:&quot;yes&quot;,&quot;highlight_animation_duration&quot;:1200,&quot;highlight_iteration_delay&quot;:8000}\" data-widget_type=\"animated-headline.default\">\n\t\t\t\t<div class=\"elementor-widget-container\">\n\t\t\t\t\t\t\t<h2 class=\"elementor-headline\">\n\t\t\t\t\t<span class=\"elementor-headline-plain-text elementor-headline-text-wrapper\">They are talking about us<\/span>\n\t\t\t\t<span class=\"elementor-headline-dynamic-wrapper elementor-headline-text-wrapper\">\n\t\t\t\t\t<span class=\"elementor-headline-dynamic-text elementor-headline-text-active\">in newspapers<\/span>\n\t\t\t\t<\/span>\n\t\t\t\t<\/h2>\n\t\t\t\t\t\t<\/div>\n\t\t\t\t<\/div>\n\t\t\t\t<div class=\"elementor-element elementor-element-f817f82 elementor-widget elementor-widget-image\" data-id=\"f817f82\" data-element_type=\"widget\" data-widget_type=\"image.default\">\n\t\t\t\t<div class=\"elementor-widget-container\">\n\t\t\t\t\t\t\t\t\t\t\t\t\t\t\t<img decoding=\"async\" width=\"180\" height=\"48\" src=\"https:\/\/www.museeducar.fr\/wp-content\/uploads\/2023\/01\/separateur-icone-musee-vehicule-ancien-isobloc.png\" class=\"attachment-full size-full wp-image-5412\" alt=\"\" \/>\t\t\t\t\t\t\t\t\t\t\t\t\t\t\t<\/div>\n\t\t\t\t<\/div>\n\t\t\t\t<div class=\"elementor-element elementor-element-a89ecd0 elementor-widget elementor-widget-text-editor\" data-id=\"a89ecd0\" data-element_type=\"widget\" data-widget_type=\"text-editor.default\">\n\t\t\t\t<div class=\"elementor-widget-container\">\n\t\t\t\t\t\t\t\t\t<p style=\"text-align: center;\">Discover some articles on the car museum<\/p>\t\t\t\t\t\t\t\t<\/div>\n\t\t\t\t<\/div>\n\t\t\t\t\t<\/div>\n\t\t<\/div>\n\t\t\t\t\t<\/div>\n\t\t<\/section>\n\t\t\t\t<section class=\"elementor-section elementor-top-section elementor-element elementor-element-120b0f16 elementor-section-boxed elementor-section-height-default elementor-section-height-default\" data-id=\"120b0f16\" data-element_type=\"section\">\n\t\t\t\t\t\t<div class=\"elementor-container elementor-column-gap-default\">\n\t\t\t\t\t<div class=\"elementor-column elementor-col-33 elementor-top-column elementor-element elementor-element-2218c695\" data-id=\"2218c695\" data-element_type=\"column\">\n\t\t\t<div class=\"elementor-widget-wrap\">\n\t\t\t\t\t\t\t<\/div>\n\t\t<\/div>\n\t\t\t\t<div class=\"elementor-column elementor-col-33 elementor-top-column elementor-element elementor-element-3f5b610\" data-id=\"3f5b610\" data-element_type=\"column\">\n\t\t\t<div class=\"elementor-widget-wrap elementor-element-populated\">\n\t\t\t\t\t\t<div class=\"elementor-element elementor-element-73abc08d elementor-widget elementor-widget-image\" data-id=\"73abc08d\" data-element_type=\"widget\" data-widget_type=\"image.default\">\n\t\t\t\t<div class=\"elementor-widget-container\">\n\t\t\t\t\t\t\t\t\t\t\t\t<figure class=\"wp-caption\">\n\t\t\t\t\t\t\t\t\t\t\t<a href=\"https:\/\/www.museeducar.fr\/wp-content\/uploads\/2023\/11\/article-dauphine-libere-fete-de-la-science-2023.jpg\" data-elementor-open-lightbox=\"yes\" data-elementor-lightbox-title=\"article dauphin\u00e9 lib\u00e9r\u00e9 f\u00eate de la science 2023\" data-e-action-hash=\"#elementor-action%3Aaction%3Dlightbox%26settings%3DeyJpZCI6NzU3MCwidXJsIjoiaHR0cHM6XC9cL3d3dy5tdXNlZWR1Y2FyLmZyXC93cC1jb250ZW50XC91cGxvYWRzXC8yMDIzXC8xMVwvYXJ0aWNsZS1kYXVwaGluZS1saWJlcmUtZmV0ZS1kZS1sYS1zY2llbmNlLTIwMjMuanBnIn0%3D\">\n\t\t\t\t\t\t\t<img fetchpriority=\"high\" decoding=\"async\" width=\"600\" height=\"400\" src=\"https:\/\/www.museeducar.fr\/wp-content\/uploads\/2023\/11\/article-dauphine-libere-fete-de-la-science-2023-600x400.jpg\" class=\"attachment-600x400 size-600x400 wp-image-7570\" alt=\"\" \/>\t\t\t\t\t\t\t\t<\/a>\n\t\t\t\t\t\t\t\t\t\t\t<figcaption class=\"widget-image-caption wp-caption-text\">Article dans le Dauphin\u00e9 Lib\u00e9r\u00e9 F\u00eate de la Science 2023<\/figcaption>\n\t\t\t\t\t\t\t\t\t\t<\/figure>\n\t\t\t\t\t\t\t\t\t<\/div>\n\t\t\t\t<\/div>\n\t\t\t\t\t<\/div>\n\t\t<\/div>\n\t\t\t\t<div class=\"elementor-column elementor-col-33 elementor-top-column elementor-element elementor-element-6d667e94\" data-id=\"6d667e94\" data-element_type=\"column\">\n\t\t\t<div class=\"elementor-widget-wrap\">\n\t\t\t\t\t\t\t<\/div>\n\t\t<\/div>\n\t\t\t\t\t<\/div>\n\t\t<\/section>\n\t\t\t\t<section class=\"elementor-section elementor-top-section elementor-element elementor-element-760fbf2 elementor-section-boxed elementor-section-height-default elementor-section-height-default\" data-id=\"760fbf2\" data-element_type=\"section\">\n\t\t\t\t\t\t<div class=\"elementor-container elementor-column-gap-default\">\n\t\t\t\t\t<div class=\"elementor-column elementor-col-33 elementor-top-column elementor-element elementor-element-5db0c603\" data-id=\"5db0c603\" data-element_type=\"column\">\n\t\t\t<div class=\"elementor-widget-wrap elementor-element-populated\">\n\t\t\t\t\t\t<div class=\"elementor-element elementor-element-19553bb3 elementor-widget elementor-widget-image\" data-id=\"19553bb3\" data-element_type=\"widget\" data-widget_type=\"image.default\">\n\t\t\t\t<div class=\"elementor-widget-container\">\n\t\t\t\t\t\t\t\t\t\t\t\t<figure class=\"wp-caption\">\n\t\t\t\t\t\t\t\t\t\t\t<a href=\"https:\/\/www.museeducar.fr\/wp-content\/uploads\/2023\/01\/Article-CHARRONNAGE-Magazine-Ma-Bastide-FEVRIER-2018.png\" data-elementor-open-lightbox=\"yes\" data-elementor-lightbox-title=\"Article-CHARRONNAGE-Magazine-Ma-Bastide-FEVRIER-2018\" data-e-action-hash=\"#elementor-action%3Aaction%3Dlightbox%26settings%3DeyJpZCI6NTMxOCwidXJsIjoiaHR0cHM6XC9cL3d3dy5tdXNlZWR1Y2FyLmZyXC93cC1jb250ZW50XC91cGxvYWRzXC8yMDIzXC8wMVwvQXJ0aWNsZS1DSEFSUk9OTkFHRS1NYWdhemluZS1NYS1CYXN0aWRlLUZFVlJJRVItMjAxOC5wbmcifQ%3D%3D\">\n\t\t\t\t\t\t\t<img decoding=\"async\" width=\"600\" height=\"400\" src=\"https:\/\/www.museeducar.fr\/wp-content\/uploads\/2023\/01\/Article-CHARRONNAGE-Magazine-Ma-Bastide-FEVRIER-2018-600x400.png\" class=\"attachment-600x400 size-600x400 wp-image-5318\" alt=\"\" \/>\t\t\t\t\t\t\t\t<\/a>\n\t\t\t\t\t\t\t\t\t\t\t<figcaption class=\"widget-image-caption wp-caption-text\">Article dans le magazine Ma Bastide - Mensuel de la vie ard\u00e9choise<\/figcaption>\n\t\t\t\t\t\t\t\t\t\t<\/figure>\n\t\t\t\t\t\t\t\t\t<\/div>\n\t\t\t\t<\/div>\n\t\t\t\t\t<\/div>\n\t\t<\/div>\n\t\t\t\t<div class=\"elementor-column elementor-col-33 elementor-top-column elementor-element elementor-element-b01ad8e\" data-id=\"b01ad8e\" data-element_type=\"column\">\n\t\t\t<div class=\"elementor-widget-wrap elementor-element-populated\">\n\t\t\t\t\t\t<div class=\"elementor-element elementor-element-5aa6b4b9 elementor-widget elementor-widget-image\" data-id=\"5aa6b4b9\" data-element_type=\"widget\" data-widget_type=\"image.default\">\n\t\t\t\t<div class=\"elementor-widget-container\">\n\t\t\t\t\t\t\t\t\t\t\t\t<figure class=\"wp-caption\">\n\t\t\t\t\t\t\t\t\t\t\t<a href=\"https:\/\/www.museeducar.fr\/wp-content\/uploads\/2023\/01\/article-du-DL-280722.jpg\" data-elementor-open-lightbox=\"yes\" data-elementor-lightbox-title=\"article-du-DL- -280722\" data-e-action-hash=\"#elementor-action%3Aaction%3Dlightbox%26settings%3DeyJpZCI6NTMyMCwidXJsIjoiaHR0cHM6XC9cL3d3dy5tdXNlZWR1Y2FyLmZyXC93cC1jb250ZW50XC91cGxvYWRzXC8yMDIzXC8wMVwvYXJ0aWNsZS1kdS1ETC0yODA3MjIuanBnIn0%3D\">\n\t\t\t\t\t\t\t<img loading=\"lazy\" decoding=\"async\" width=\"600\" height=\"400\" src=\"https:\/\/www.museeducar.fr\/wp-content\/uploads\/2023\/01\/article-du-DL-280722-600x400.jpg\" class=\"attachment-600x400 size-600x400 wp-image-5320\" alt=\"\" \/>\t\t\t\t\t\t\t\t<\/a>\n\t\t\t\t\t\t\t\t\t\t\t<figcaption class=\"widget-image-caption wp-caption-text\">Article dans le Dauphin\u00e9 Lib\u00e9r\u00e9 du 28 juillet 2022<\/figcaption>\n\t\t\t\t\t\t\t\t\t\t<\/figure>\n\t\t\t\t\t\t\t\t\t<\/div>\n\t\t\t\t<\/div>\n\t\t\t\t\t<\/div>\n\t\t<\/div>\n\t\t\t\t<div class=\"elementor-column elementor-col-33 elementor-top-column elementor-element elementor-element-7d8b0455\" data-id=\"7d8b0455\" data-element_type=\"column\">\n\t\t\t<div class=\"elementor-widget-wrap elementor-element-populated\">\n\t\t\t\t\t\t<div class=\"elementor-element elementor-element-3e4410c8 elementor-widget elementor-widget-image\" data-id=\"3e4410c8\" data-element_type=\"widget\" data-widget_type=\"image.default\">\n\t\t\t\t<div class=\"elementor-widget-container\">\n\t\t\t\t\t\t\t\t\t\t\t\t<figure class=\"wp-caption\">\n\t\t\t\t\t\t\t\t\t\t\t<a href=\"https:\/\/www.museeducar.fr\/wp-content\/uploads\/2023\/01\/article-journal-Reveil-161122.jpg\" data-elementor-open-lightbox=\"yes\" data-elementor-lightbox-title=\"article-journal-Reveil-161122\" data-e-action-hash=\"#elementor-action%3Aaction%3Dlightbox%26settings%3DeyJpZCI6NTMyNCwidXJsIjoiaHR0cHM6XC9cL3d3dy5tdXNlZWR1Y2FyLmZyXC93cC1jb250ZW50XC91cGxvYWRzXC8yMDIzXC8wMVwvYXJ0aWNsZS1qb3VybmFsLVJldmVpbC0xNjExMjIuanBnIn0%3D\">\n\t\t\t\t\t\t\t<img loading=\"lazy\" decoding=\"async\" width=\"600\" height=\"400\" src=\"https:\/\/www.museeducar.fr\/wp-content\/uploads\/2023\/01\/article-journal-Reveil-161122-600x400.jpg\" class=\"attachment-600x400 size-600x400 wp-image-5324\" alt=\"\" \/>\t\t\t\t\t\t\t\t<\/a>\n\t\t\t\t\t\t\t\t\t\t\t<figcaption class=\"widget-image-caption wp-caption-text\">Article dans le R\u00e9veil du Vivarais du 16 novembre 2022<\/figcaption>\n\t\t\t\t\t\t\t\t\t\t<\/figure>\n\t\t\t\t\t\t\t\t\t<\/div>\n\t\t\t\t<\/div>\n\t\t\t\t\t<\/div>\n\t\t<\/div>\n\t\t\t\t\t<\/div>\n\t\t<\/section>\n\t\t\t\t<section class=\"elementor-section elementor-top-section elementor-element elementor-element-604fe5f0 elementor-section-boxed elementor-section-height-default elementor-section-height-default\" data-id=\"604fe5f0\" data-element_type=\"section\">\n\t\t\t\t\t\t<div class=\"elementor-container elementor-column-gap-default\">\n\t\t\t\t\t<div class=\"elementor-column elementor-col-33 elementor-top-column elementor-element elementor-element-386be265\" data-id=\"386be265\" data-element_type=\"column\">\n\t\t\t<div class=\"elementor-widget-wrap elementor-element-populated\">\n\t\t\t\t\t\t<div class=\"elementor-element elementor-element-34e750be elementor-widget elementor-widget-image\" data-id=\"34e750be\" data-element_type=\"widget\" data-widget_type=\"image.default\">\n\t\t\t\t<div class=\"elementor-widget-container\">\n\t\t\t\t\t\t\t\t\t\t\t\t<figure class=\"wp-caption\">\n\t\t\t\t\t\t\t\t\t\t\t<a href=\"https:\/\/www.museeducar.fr\/wp-content\/uploads\/2023\/01\/Reveil-171121.jpg\" data-elementor-open-lightbox=\"yes\" data-elementor-lightbox-title=\"Re\u0301veil 171121\" data-e-action-hash=\"#elementor-action%3Aaction%3Dlightbox%26settings%3DeyJpZCI6NTMzMiwidXJsIjoiaHR0cHM6XC9cL3d3dy5tdXNlZWR1Y2FyLmZyXC93cC1jb250ZW50XC91cGxvYWRzXC8yMDIzXC8wMVwvUmV2ZWlsLTE3MTEyMS5qcGcifQ%3D%3D\">\n\t\t\t\t\t\t\t<img loading=\"lazy\" decoding=\"async\" width=\"600\" height=\"400\" src=\"https:\/\/www.museeducar.fr\/wp-content\/uploads\/2023\/01\/Reveil-171121-600x400.jpg\" class=\"attachment-600x400 size-600x400 wp-image-5332\" alt=\"\" \/>\t\t\t\t\t\t\t\t<\/a>\n\t\t\t\t\t\t\t\t\t\t\t<figcaption class=\"widget-image-caption wp-caption-text\">Article dans le R\u00e9veil du Vivarais du 17 novembre 2021<\/figcaption>\n\t\t\t\t\t\t\t\t\t\t<\/figure>\n\t\t\t\t\t\t\t\t\t<\/div>\n\t\t\t\t<\/div>\n\t\t\t\t\t<\/div>\n\t\t<\/div>\n\t\t\t\t<div class=\"elementor-column elementor-col-33 elementor-top-column elementor-element elementor-element-93c07a9\" data-id=\"93c07a9\" data-element_type=\"column\">\n\t\t\t<div class=\"elementor-widget-wrap elementor-element-populated\">\n\t\t\t\t\t\t<div class=\"elementor-element elementor-element-1de69f59 elementor-widget elementor-widget-image\" data-id=\"1de69f59\" data-element_type=\"widget\" data-widget_type=\"image.default\">\n\t\t\t\t<div class=\"elementor-widget-container\">\n\t\t\t\t\t\t\t\t\t\t\t\t<figure class=\"wp-caption\">\n\t\t\t\t\t\t\t\t\t\t\t<a href=\"https:\/\/www.museeducar.fr\/wp-content\/uploads\/2023\/01\/article-rhone-alp-in-FLYon30-BassDef-page-66-copie-scaled.jpg\" data-elementor-open-lightbox=\"yes\" data-elementor-lightbox-title=\"FLYon30-BassDef-pages int\u00e9gral.pdf\" data-e-action-hash=\"#elementor-action%3Aaction%3Dlightbox%26settings%3DeyJpZCI6NTMzNywidXJsIjoiaHR0cHM6XC9cL3d3dy5tdXNlZWR1Y2FyLmZyXC93cC1jb250ZW50XC91cGxvYWRzXC8yMDIzXC8wMVwvYXJ0aWNsZS1yaG9uZS1hbHAtaW4tRkxZb24zMC1CYXNzRGVmLXBhZ2UtNjYtY29waWUtc2NhbGVkLmpwZyJ9\">\n\t\t\t\t\t\t\t<img loading=\"lazy\" decoding=\"async\" width=\"600\" height=\"400\" src=\"https:\/\/www.museeducar.fr\/wp-content\/uploads\/2023\/01\/article-rhone-alp-in-FLYon30-BassDef-page-66-copie-600x400.jpg\" class=\"attachment-600x400 size-600x400 wp-image-5337\" alt=\"\" \/>\t\t\t\t\t\t\t\t<\/a>\n\t\t\t\t\t\t\t\t\t\t\t<figcaption class=\"widget-image-caption wp-caption-text\">Article dans le magazine le Rhone Alp'In<\/figcaption>\n\t\t\t\t\t\t\t\t\t\t<\/figure>\n\t\t\t\t\t\t\t\t\t<\/div>\n\t\t\t\t<\/div>\n\t\t\t\t\t<\/div>\n\t\t<\/div>\n\t\t\t\t<div class=\"elementor-column elementor-col-33 elementor-top-column elementor-element elementor-element-40afa2d9\" data-id=\"40afa2d9\" data-element_type=\"column\">\n\t\t\t<div class=\"elementor-widget-wrap elementor-element-populated\">\n\t\t\t\t\t\t<div class=\"elementor-element elementor-element-55eaf023 elementor-widget elementor-widget-image\" data-id=\"55eaf023\" data-element_type=\"widget\" data-widget_type=\"image.default\">\n\t\t\t\t<div class=\"elementor-widget-container\">\n\t\t\t\t\t\t\t\t\t\t\t\t<figure class=\"wp-caption\">\n\t\t\t\t\t\t\t\t\t\t\t<a href=\"https:\/\/www.museeducar.fr\/wp-content\/uploads\/2023\/01\/4x4-story.pdf\" target=\"_blank\">\n\t\t\t\t\t\t\t<img loading=\"lazy\" decoding=\"async\" width=\"600\" height=\"400\" src=\"https:\/\/www.museeducar.fr\/wp-content\/uploads\/2023\/01\/Couverture-article-4x4-story-600x400.png\" class=\"attachment-600x400 size-600x400 wp-image-6688\" alt=\"\" \/>\t\t\t\t\t\t\t\t<\/a>\n\t\t\t\t\t\t\t\t\t\t\t<figcaption class=\"widget-image-caption wp-caption-text\">Article dans 4x4 Story<\/figcaption>\n\t\t\t\t\t\t\t\t\t\t<\/figure>\n\t\t\t\t\t\t\t\t\t<\/div>\n\t\t\t\t<\/div>\n\t\t\t\t\t<\/div>\n\t\t<\/div>\n\t\t\t\t\t<\/div>\n\t\t<\/section>\n\t\t\t\t<\/div>\n\t\t","protected":false},"excerpt":{"rendered":"<p>They are talking about us in newspapers Discover some articles on the car museum Article dans le Dauphin\u00e9 Lib\u00e9r\u00e9 F\u00eate de la Science 2023 Article dans le magazine Ma Bastide [&hellip;]<\/p>\n","protected":false},"author":1,"featured_media":0,"parent":0,"menu_order":0,"comment_status":"closed","ping_status":"closed","template":"","meta":{"_locale":"en_GB","_original_post":"https:\/\/www.museeducar.fr\/?page_id=5227","footnotes":""},"class_list":["post-8261","page","type-page","status-publish","hentry","en-GB"],"yoast_head":"<!-- This site is optimized with the Yoast SEO plugin v26.7 - https:\/\/yoast.com\/wordpress\/plugins\/seo\/ -->\n<title>Media Newspapers | Coach and wheelwright museum 07<\/title>\n<meta name=\"description\" content=\"Discover the press articles and newspapers dedicated to the coach and wheelwright museum located in Vanosc, in Ard\u00e8che, near Annonay.\" \/>\n<meta name=\"robots\" content=\"index, follow, max-snippet:-1, max-image-preview:large, max-video-preview:-1\" \/>\n<link rel=\"canonical\" href=\"https:\/\/www.museeducar.fr\/en\/media-newspapers\/\" \/>\n<meta property=\"og:locale\" content=\"en_GB\" \/>\n<meta property=\"og:type\" content=\"article\" \/>\n<meta property=\"og:title\" content=\"Media Newspapers | Coach and wheelwright museum 07\" \/>\n<meta property=\"og:description\" content=\"Discover the press articles and newspapers dedicated to the coach and wheelwright museum located in Vanosc, in Ard\u00e8che, near Annonay.\" \/>\n<meta property=\"og:url\" content=\"https:\/\/www.museeducar.fr\/en\/media-newspapers\/\" \/>\n<meta property=\"og:site_name\" content=\"Mus\u00e9e du car et du charronnage Vanosc\" \/>\n<meta property=\"article:publisher\" content=\"https:\/\/www.facebook.com\/lavanaude\" \/>\n<meta property=\"article:modified_time\" content=\"2025-01-22T09:04:41+00:00\" \/>\n<meta property=\"og:image\" content=\"https:\/\/www.museeducar.fr\/wp-content\/uploads\/2023\/02\/IE-SITE-MUSEE-DU-CAR-VANOSC.jpg\" \/>\n\t<meta property=\"og:image:width\" content=\"1200\" \/>\n\t<meta property=\"og:image:height\" content=\"628\" \/>\n\t<meta property=\"og:image:type\" content=\"image\/jpeg\" \/>\n<meta name=\"twitter:card\" content=\"summary_large_image\" \/>\n<meta name=\"twitter:label1\" content=\"Estimated reading time\" \/>\n\t<meta name=\"twitter:data1\" content=\"2 minutes\" \/>\n<script type=\"application\/ld+json\" class=\"yoast-schema-graph\">{\"@context\":\"https:\/\/schema.org\",\"@graph\":[{\"@type\":\"WebPage\",\"@id\":\"https:\/\/www.museeducar.fr\/en\/media-newspapers\/\",\"url\":\"https:\/\/www.museeducar.fr\/en\/media-newspapers\/\",\"name\":\"Media Newspapers | Coach and wheelwright museum 07\",\"isPartOf\":{\"@id\":\"https:\/\/www.museeducar.fr\/#website\"},\"primaryImageOfPage\":{\"@id\":\"https:\/\/www.museeducar.fr\/en\/media-newspapers\/#primaryimage\"},\"image\":{\"@id\":\"https:\/\/www.museeducar.fr\/en\/media-newspapers\/#primaryimage\"},\"thumbnailUrl\":\"https:\/\/www.museeducar.fr\/wp-content\/uploads\/2023\/01\/separateur-icone-musee-vehicule-ancien-isobloc.png\",\"datePublished\":\"2025-01-16T14:42:57+00:00\",\"dateModified\":\"2025-01-22T09:04:41+00:00\",\"description\":\"Discover the press articles and newspapers dedicated to the coach and wheelwright museum located in Vanosc, in Ard\u00e8che, near Annonay.\",\"breadcrumb\":{\"@id\":\"https:\/\/www.museeducar.fr\/en\/media-newspapers\/#breadcrumb\"},\"inLanguage\":\"en-GB\",\"potentialAction\":[{\"@type\":\"ReadAction\",\"target\":[\"https:\/\/www.museeducar.fr\/en\/media-newspapers\/\"]}]},{\"@type\":\"ImageObject\",\"inLanguage\":\"en-GB\",\"@id\":\"https:\/\/www.museeducar.fr\/en\/media-newspapers\/#primaryimage\",\"url\":\"https:\/\/www.museeducar.fr\/wp-content\/uploads\/2023\/01\/separateur-icone-musee-vehicule-ancien-isobloc.png\",\"contentUrl\":\"https:\/\/www.museeducar.fr\/wp-content\/uploads\/2023\/01\/separateur-icone-musee-vehicule-ancien-isobloc.png\",\"width\":180,\"height\":48},{\"@type\":\"BreadcrumbList\",\"@id\":\"https:\/\/www.museeducar.fr\/en\/media-newspapers\/#breadcrumb\",\"itemListElement\":[{\"@type\":\"ListItem\",\"position\":1,\"name\":\"Accueil\",\"item\":\"https:\/\/www.museeducar.fr\/en\/\"},{\"@type\":\"ListItem\",\"position\":2,\"name\":\"Media Newspapers\"}]},{\"@type\":\"WebSite\",\"@id\":\"https:\/\/www.museeducar.fr\/#website\",\"url\":\"https:\/\/www.museeducar.fr\/\",\"name\":\"Mus\u00e9e du car et du charronnage Vanosc\",\"description\":\"\",\"publisher\":{\"@id\":\"https:\/\/www.museeducar.fr\/#organization\"},\"potentialAction\":[{\"@type\":\"SearchAction\",\"target\":{\"@type\":\"EntryPoint\",\"urlTemplate\":\"https:\/\/www.museeducar.fr\/?s={search_term_string}\"},\"query-input\":{\"@type\":\"PropertyValueSpecification\",\"valueRequired\":true,\"valueName\":\"search_term_string\"}}],\"inLanguage\":\"en-GB\"},{\"@type\":\"Organization\",\"@id\":\"https:\/\/www.museeducar.fr\/#organization\",\"name\":\"Mus\u00e9e du car \u00e0 Vanosc\",\"alternateName\":\"Mus\u00e9e du charronnage au car\",\"url\":\"https:\/\/www.museeducar.fr\/\",\"logo\":{\"@type\":\"ImageObject\",\"inLanguage\":\"en-GB\",\"@id\":\"https:\/\/www.museeducar.fr\/#\/schema\/logo\/image\/\",\"url\":\"https:\/\/www.museeducar.fr\/wp-content\/uploads\/2021\/08\/logo-musee-car-joseph-besset-vanosc-blanc-1.png\",\"contentUrl\":\"https:\/\/www.museeducar.fr\/wp-content\/uploads\/2021\/08\/logo-musee-car-joseph-besset-vanosc-blanc-1.png\",\"width\":300,\"height\":293,\"caption\":\"Mus\u00e9e du car \u00e0 Vanosc\"},\"image\":{\"@id\":\"https:\/\/www.museeducar.fr\/#\/schema\/logo\/image\/\"},\"sameAs\":[\"https:\/\/www.facebook.com\/lavanaude\"]}]}<\/script>\n<!-- \/ Yoast SEO plugin. -->","yoast_head_json":{"title":"Media Newspapers | Coach and wheelwright museum 07","description":"Discover the press articles and newspapers dedicated to the coach and wheelwright museum located in Vanosc, in Ard\u00e8che, near Annonay.","robots":{"index":"index","follow":"follow","max-snippet":"max-snippet:-1","max-image-preview":"max-image-preview:large","max-video-preview":"max-video-preview:-1"},"canonical":"https:\/\/www.museeducar.fr\/en\/media-newspapers\/","og_locale":"en_GB","og_type":"article","og_title":"Media Newspapers | Coach and wheelwright museum 07","og_description":"Discover the press articles and newspapers dedicated to the coach and wheelwright museum located in Vanosc, in Ard\u00e8che, near Annonay.","og_url":"https:\/\/www.museeducar.fr\/en\/media-newspapers\/","og_site_name":"Mus\u00e9e du car et du charronnage Vanosc","article_publisher":"https:\/\/www.facebook.com\/lavanaude","article_modified_time":"2025-01-22T09:04:41+00:00","og_image":[{"width":1200,"height":628,"url":"https:\/\/www.museeducar.fr\/wp-content\/uploads\/2023\/02\/IE-SITE-MUSEE-DU-CAR-VANOSC.jpg","type":"image\/jpeg"}],"twitter_card":"summary_large_image","twitter_misc":{"Estimated reading time":"2 minutes"},"schema":{"@context":"https:\/\/schema.org","@graph":[{"@type":"WebPage","@id":"https:\/\/www.museeducar.fr\/en\/media-newspapers\/","url":"https:\/\/www.museeducar.fr\/en\/media-newspapers\/","name":"Media Newspapers | Coach and wheelwright museum 07","isPartOf":{"@id":"https:\/\/www.museeducar.fr\/#website"},"primaryImageOfPage":{"@id":"https:\/\/www.museeducar.fr\/en\/media-newspapers\/#primaryimage"},"image":{"@id":"https:\/\/www.museeducar.fr\/en\/media-newspapers\/#primaryimage"},"thumbnailUrl":"https:\/\/www.museeducar.fr\/wp-content\/uploads\/2023\/01\/separateur-icone-musee-vehicule-ancien-isobloc.png","datePublished":"2025-01-16T14:42:57+00:00","dateModified":"2025-01-22T09:04:41+00:00","description":"Discover the press articles and newspapers dedicated to the coach and wheelwright museum located in Vanosc, in Ard\u00e8che, near Annonay.","breadcrumb":{"@id":"https:\/\/www.museeducar.fr\/en\/media-newspapers\/#breadcrumb"},"inLanguage":"en-GB","potentialAction":[{"@type":"ReadAction","target":["https:\/\/www.museeducar.fr\/en\/media-newspapers\/"]}]},{"@type":"ImageObject","inLanguage":"en-GB","@id":"https:\/\/www.museeducar.fr\/en\/media-newspapers\/#primaryimage","url":"https:\/\/www.museeducar.fr\/wp-content\/uploads\/2023\/01\/separateur-icone-musee-vehicule-ancien-isobloc.png","contentUrl":"https:\/\/www.museeducar.fr\/wp-content\/uploads\/2023\/01\/separateur-icone-musee-vehicule-ancien-isobloc.png","width":180,"height":48},{"@type":"BreadcrumbList","@id":"https:\/\/www.museeducar.fr\/en\/media-newspapers\/#breadcrumb","itemListElement":[{"@type":"ListItem","position":1,"name":"Accueil","item":"https:\/\/www.museeducar.fr\/en\/"},{"@type":"ListItem","position":2,"name":"Media Newspapers"}]},{"@type":"WebSite","@id":"https:\/\/www.museeducar.fr\/#website","url":"https:\/\/www.museeducar.fr\/","name":"Mus\u00e9e du car et du charronnage Vanosc","description":"","publisher":{"@id":"https:\/\/www.museeducar.fr\/#organization"},"potentialAction":[{"@type":"SearchAction","target":{"@type":"EntryPoint","urlTemplate":"https:\/\/www.museeducar.fr\/?s={search_term_string}"},"query-input":{"@type":"PropertyValueSpecification","valueRequired":true,"valueName":"search_term_string"}}],"inLanguage":"en-GB"},{"@type":"Organization","@id":"https:\/\/www.museeducar.fr\/#organization","name":"Mus\u00e9e du car \u00e0 Vanosc","alternateName":"Mus\u00e9e du charronnage au car","url":"https:\/\/www.museeducar.fr\/","logo":{"@type":"ImageObject","inLanguage":"en-GB","@id":"https:\/\/www.museeducar.fr\/#\/schema\/logo\/image\/","url":"https:\/\/www.museeducar.fr\/wp-content\/uploads\/2021\/08\/logo-musee-car-joseph-besset-vanosc-blanc-1.png","contentUrl":"https:\/\/www.museeducar.fr\/wp-content\/uploads\/2021\/08\/logo-musee-car-joseph-besset-vanosc-blanc-1.png","width":300,"height":293,"caption":"Mus\u00e9e du car \u00e0 Vanosc"},"image":{"@id":"https:\/\/www.museeducar.fr\/#\/schema\/logo\/image\/"},"sameAs":["https:\/\/www.facebook.com\/lavanaude"]}]}},"_links":{"self":[{"href":"https:\/\/www.museeducar.fr\/wp-json\/wp\/v2\/pages\/8261","targetHints":{"allow":["GET"]}}],"collection":[{"href":"https:\/\/www.museeducar.fr\/wp-json\/wp\/v2\/pages"}],"about":[{"href":"https:\/\/www.museeducar.fr\/wp-json\/wp\/v2\/types\/page"}],"author":[{"embeddable":true,"href":"https:\/\/www.museeducar.fr\/wp-json\/wp\/v2\/users\/1"}],"replies":[{"embeddable":true,"href":"https:\/\/www.museeducar.fr\/wp-json\/wp\/v2\/comments?post=8261"}],"version-history":[{"count":11,"href":"https:\/\/www.museeducar.fr\/wp-json\/wp\/v2\/pages\/8261\/revisions"}],"predecessor-version":[{"id":8511,"href":"https:\/\/www.museeducar.fr\/wp-json\/wp\/v2\/pages\/8261\/revisions\/8511"}],"wp:attachment":[{"href":"https:\/\/www.museeducar.fr\/wp-json\/wp\/v2\/media?parent=8261"}],"curies":[{"name":"wp","href":"https:\/\/api.w.org\/{rel}","templated":true}]}}